{"id":344,"date":"2020-10-23T15:20:34","date_gmt":"2020-10-23T15:20:34","guid":{"rendered":"http:\/\/gffi.geit.is\/?page_id=344"},"modified":"2025-12-17T22:45:24","modified_gmt":"2025-12-17T22:45:24","slug":"geithafrar-og-hafrasaedingastodin-thorulag","status":"publish","type":"page","link":"https:\/\/gffi.geit.is\/index.php\/home\/geithafrar-og-hafrasaedingastodin-thorulag\/","title":{"rendered":"Geithafrar"},"content":{"rendered":"\n<p class=\"has-text-align-center has-large-font-size\">Hafraskr\u00e1<\/p>\n\n\n\n<div class=\"wp-block-cover aligncenter\" style=\"min-height:100vh;aspect-ratio:unset;\"><img loading=\"lazy\" decoding=\"async\" width=\"1000\" height=\"1410\" class=\"wp-block-cover__image-background wp-image-342\" alt=\"\" src=\"https:\/\/gffi.geit.is\/wp-content\/uploads\/2020\/10\/alexander-scaled-e1703265674843.jpg\" data-object-fit=\"cover\"\/><span aria-hidden=\"true\" class=\"wp-block-cover__background has-background-dim\"><\/span><div class=\"wp-block-cover__inner-container is-layout-flow wp-block-cover-is-layout-flow\">\n<p class=\"has-text-align-center has-large-font-size\"><\/p>\n<\/div><\/div>\n\n\n\n<p>Varnarl\u00ednur vegna sau\u00f0fj\u00e1rveikivarna hafa undanfarna \u00e1ratugi hamla\u00f0 fl\u00e6\u00f0i erf\u00f0aefnis milli geitahjar\u00f0a v\u00ed\u00f0a um land sem hefur auki\u00f0 mj\u00f6g \u00e1 skyldleikar\u00e6kt \u00ed stofninum og valdi\u00f0 \u00fev\u00ed a\u00f0 hann er r\u00e6kta\u00f0ur \u00ed m\u00f6rgum mj\u00f6g sm\u00e1um hj\u00f6r\u00f0um. Hausti\u00f0 2010 var fari\u00f0 af sta\u00f0 me\u00f0 verkefni\u00f0 \u201eS\u00f6fnin hafras\u00e6\u00f0is og n\u00fdting\u201c. Markmi\u00f0 verkefnisins var a\u00f0 safna hafras\u00e6\u00f0i fr\u00e1 sem flestum sv\u00e6\u00f0um og f\u00e6ra \u00e1 milli sv\u00e6\u00f0a til a\u00f0 brj\u00f3ta upp einangrun hjar\u00f0a og sporna vi\u00f0 hinni miklu skyldleikar\u00e6kt sem hefur gengi\u00f0 mj\u00f6g \u00e1 erf\u00f0abreytileika og l\u00edfv\u00e6nleika stofnsins.<\/p>\n\n\n\n<p><a href=\"https:\/\/gffi.geit.is\/wp-content\/uploads\/2025\/12\/Hafraskra_2025.pdf\">Hafraskr\u00e1 2025<\/a><\/p>\n\n\n\n<p><a href=\"https:\/\/gffi.geit.is\/wp-content\/uploads\/2020\/12\/Hafraskra_2020_loka.pdf\">Hafraskr\u00e1 202<\/a>2<\/p>\n\n\n\n<p><a href=\"https:\/\/gffi.geit.is\/wp-content\/uploads\/2019\/11\/hafraskra2015.pdf\">Hafraskr\u00e1 2015<\/a><\/p>\n\n\n\n<h2 class=\"wp-block-heading\"><strong>\u00c1rssk\u00fdrslur Hafras\u00e6\u00f0ingarst\u00f6\u00f0varinnar \u00de\u00f3rul\u00e1g<\/strong><\/h2>\n\n\n\n<p><a href=\"https:\/\/gffi.geit.is\/wp-content\/uploads\/2023\/02\/Hafrasaedingastod-Arsskyrsla_2022.pdf\">\u00c1rssk\u00fdrsla Hafras\u00e6\u00f0ingarst\u00f6\u00f0var GFF\u00cd  2022<\/a><\/p>\n\n\n\n<p><a href=\"https:\/\/gffi.geit.is\/wp-content\/uploads\/2020\/12\/Hafraskra_2020_loka.pdf\">\u00c1rssk\u00fdrsla Hafras\u00e6\u00f0ingarst\u00f6\u00f0var GFF\u00cd 2020<\/a><\/p>\n\n\n\n<p><a href=\"https:\/\/gffi.geit.is\/wp-content\/uploads\/2023\/03\/Arsskyrsla_Hafrasaedingastodvar-GFFI-2019.pdf\">\u00c1rssk\u00fdrsla Hafras\u00e6\u00f0ingarst\u00f6\u00f0var GFF\u00cd 2019<\/a><\/p>\n\n\n\n<p class=\"has-text-align-center has-large-font-size\"><mark style=\"background-color:rgba(0, 0, 0, 0)\" class=\"has-inline-color has-white-color\">eithafrar og Hafras\u00e6\u00f0ingast\u00f6\u00f0in \u00de\u00f3rul\u00e1g, Hvanneyri<\/mark><\/p>\n","protected":false},"excerpt":{"rendered":"<p>Hafraskr\u00e1 Varnarl\u00ednur vegna sau\u00f0fj\u00e1rveikivarna hafa undanfarna \u00e1ratugi hamla\u00f0 fl\u00e6\u00f0i erf\u00f0aefnis milli geitahjar\u00f0a v\u00ed\u00f0a um land sem hefur auki\u00f0 mj\u00f6g \u00e1 skyldleikar\u00e6kt \u00ed stofninum og valdi\u00f0 \u00fev\u00ed a\u00f0 hann er r\u00e6kta\u00f0ur \u00ed m\u00f6rgum mj\u00f6g sm\u00e1um hj\u00f6r\u00f0um. Hausti\u00f0 2010 var fari\u00f0 af sta\u00f0 me\u00f0 verkefni\u00f0 \u201eS\u00f6fnin hafras\u00e6\u00f0is og n\u00fdting\u201c. Markmi\u00f0 verkefnisins var a\u00f0 safna hafras\u00e6\u00f0i fr\u00e1 sem &hellip; <\/p>\n<p class=\"link-more\"><a href=\"https:\/\/gffi.geit.is\/index.php\/home\/geithafrar-og-hafrasaedingastodin-thorulag\/\" class=\"more-link\">Continue reading<span class=\"screen-reader-text\"> &#8220;Geithafrar&#8221;<\/span><\/a><\/p>\n","protected":false},"author":4,"featured_media":0,"parent":28,"menu_order":1,"comment_status":"closed","ping_status":"closed","template":"","meta":{"footnotes":""},"class_list":["post-344","page","type-page","status-publish","hentry"],"_links":{"self":[{"href":"https:\/\/gffi.geit.is\/index.php\/wp-json\/wp\/v2\/pages\/344","targetHints":{"allow":["GET"]}}],"collection":[{"href":"https:\/\/gffi.geit.is\/index.php\/wp-json\/wp\/v2\/pages"}],"about":[{"href":"https:\/\/gffi.geit.is\/index.php\/wp-json\/wp\/v2\/types\/page"}],"author":[{"embeddable":true,"href":"https:\/\/gffi.geit.is\/index.php\/wp-json\/wp\/v2\/users\/4"}],"replies":[{"embeddable":true,"href":"https:\/\/gffi.geit.is\/index.php\/wp-json\/wp\/v2\/comments?post=344"}],"version-history":[{"count":13,"href":"https:\/\/gffi.geit.is\/index.php\/wp-json\/wp\/v2\/pages\/344\/revisions"}],"predecessor-version":[{"id":732,"href":"https:\/\/gffi.geit.is\/index.php\/wp-json\/wp\/v2\/pages\/344\/revisions\/732"}],"up":[{"embeddable":true,"href":"https:\/\/gffi.geit.is\/index.php\/wp-json\/wp\/v2\/pages\/28"}],"wp:attachment":[{"href":"https:\/\/gffi.geit.is\/index.php\/wp-json\/wp\/v2\/media?parent=344"}],"curies":[{"name":"wp","href":"https:\/\/api.w.org\/{rel}","templated":true}]}}